{"id":138,"date":"2023-10-24T19:43:53","date_gmt":"2023-10-24T19:43:53","guid":{"rendered":"https:\/\/greenlatinos.swooncreative.ca\/?page_id=138"},"modified":"2024-03-18T22:36:46","modified_gmt":"2024-03-18T22:36:46","slug":"contact-us","status":"publish","type":"page","link":"https:\/\/www.greenlatinos.org\/es\/contact-us\/","title":{"rendered":"Cont\u00e1ctenos"},"content":{"rendered":"<p>Si desea ponerse en contacto con GreenLatinos, comun\u00edquese con los siguientes correos electr\u00f3nicos seg\u00fan su solicitud. Para preguntas generales por favor cont\u00e1ctenos a trav\u00e9s del formulario.<\/p>","protected":false},"excerpt":{"rendered":"<p>Si desea ponerse en contacto con GreenLatinos, comun\u00edquese con los siguientes correos electr\u00f3nicos seg\u00fan su solicitud. Para preguntas generales por favor cont\u00e1ctenos a trav\u00e9s del formulario.<\/p>","protected":false},"author":1,"featured_media":0,"parent":0,"menu_order":0,"comment_status":"closed","ping_status":"closed","template":"","meta":{"_acf_changed":false,"footnotes":""},"class_list":["post-138","page","type-page","status-publish","hentry"],"acf":[],"_links":{"self":[{"href":"https:\/\/www.greenlatinos.org\/es\/wp-json\/wp\/v2\/pages\/138","targetHints":{"allow":["GET"]}}],"collection":[{"href":"https:\/\/www.greenlatinos.org\/es\/wp-json\/wp\/v2\/pages"}],"about":[{"href":"https:\/\/www.greenlatinos.org\/es\/wp-json\/wp\/v2\/types\/page"}],"author":[{"embeddable":true,"href":"https:\/\/www.greenlatinos.org\/es\/wp-json\/wp\/v2\/users\/1"}],"replies":[{"embeddable":true,"href":"https:\/\/www.greenlatinos.org\/es\/wp-json\/wp\/v2\/comments?post=138"}],"version-history":[{"count":0,"href":"https:\/\/www.greenlatinos.org\/es\/wp-json\/wp\/v2\/pages\/138\/revisions"}],"wp:attachment":[{"href":"https:\/\/www.greenlatinos.org\/es\/wp-json\/wp\/v2\/media?parent=138"}],"curies":[{"name":"wp","href":"https:\/\/api.w.org\/{rel}","templated":true}]}}