{"id":119,"date":"2023-10-24T18:14:25","date_gmt":"2023-10-24T18:14:25","guid":{"rendered":"https:\/\/greenlatinos.swooncreative.ca\/?page_id=119"},"modified":"2025-03-25T00:34:47","modified_gmt":"2025-03-25T00:34:47","slug":"join-the-fight","status":"publish","type":"page","link":"https:\/\/www.greenlatinos.org\/es\/join-the-fight\/","title":{"rendered":"\u00danete a la pelea"},"content":{"rendered":"<p>Organizamos capacitaci\u00f3n y oportunidades de promoci\u00f3n, brindamos apoyo pol\u00edtico y desarrollamos recursos e informaci\u00f3n para que los miembros los utilicen en su trabajo de promoci\u00f3n. GreenLatinos est\u00e1 comprometido a acercar m\u00e1s sillas a las mesas de poder para las comunidades de color, de bajos ingresos, inmigrantes y rurales que son las m\u00e1s afectadas por la crisis clim\u00e1tica.<\/p>","protected":false},"excerpt":{"rendered":"<p>Organizamos capacitaci\u00f3n y oportunidades de promoci\u00f3n, brindamos apoyo pol\u00edtico y desarrollamos recursos e informaci\u00f3n para que los miembros los utilicen en su trabajo de promoci\u00f3n. GreenLatinos est\u00e1 comprometido a acercar m\u00e1s sillas a las mesas de poder para las comunidades de color, de bajos ingresos, inmigrantes y rurales que son las m\u00e1s afectadas por la crisis clim\u00e1tica.<\/p>","protected":false},"author":1527,"featured_media":1688,"parent":0,"menu_order":0,"comment_status":"closed","ping_status":"closed","template":"","meta":{"_acf_changed":false,"footnotes":""},"class_list":["post-119","page","type-page","status-publish","has-post-thumbnail","hentry"],"acf":[],"_links":{"self":[{"href":"https:\/\/www.greenlatinos.org\/es\/wp-json\/wp\/v2\/pages\/119","targetHints":{"allow":["GET"]}}],"collection":[{"href":"https:\/\/www.greenlatinos.org\/es\/wp-json\/wp\/v2\/pages"}],"about":[{"href":"https:\/\/www.greenlatinos.org\/es\/wp-json\/wp\/v2\/types\/page"}],"author":[{"embeddable":true,"href":"https:\/\/www.greenlatinos.org\/es\/wp-json\/wp\/v2\/users\/1527"}],"replies":[{"embeddable":true,"href":"https:\/\/www.greenlatinos.org\/es\/wp-json\/wp\/v2\/comments?post=119"}],"version-history":[{"count":0,"href":"https:\/\/www.greenlatinos.org\/es\/wp-json\/wp\/v2\/pages\/119\/revisions"}],"wp:featuredmedia":[{"embeddable":true,"href":"https:\/\/www.greenlatinos.org\/es\/wp-json\/wp\/v2\/media\/1688"}],"wp:attachment":[{"href":"https:\/\/www.greenlatinos.org\/es\/wp-json\/wp\/v2\/media?parent=119"}],"curies":[{"name":"wp","href":"https:\/\/api.w.org\/{rel}","templated":true}]}}